{"id":3,"date":"2023-07-10T11:45:57","date_gmt":"2023-07-10T09:45:57","guid":{"rendered":"https:\/\/roymo.granhoteldonmanuel.com\/?page_id=3"},"modified":"2023-10-03T12:44:13","modified_gmt":"2023-10-03T10:44:13","slug":"politica-privacidad","status":"publish","type":"page","link":"https:\/\/roymo.granhoteldonmanuel.com\/pt\/politica-de-privacidade\/","title":{"rendered":"Pol\u00edtica de privacidade"},"content":{"rendered":"<h2 class=\"wp-block-heading\"><\/h2>\n\n\n\n<p><strong>INFORMA\u00c7\u00d5ES B\u00c1SICAS SOBRE A PROTEC\u00c7\u00c3O DE DADOS<\/strong><\/p>\n\n\n\n<p>Respons\u00e1vel: Norba Promotora San Antonio SL<br>Objetivo: Dar resposta ao seu pedido.<br>Legitima\u00e7\u00e3o: Execu\u00e7\u00e3o de um contrato<br>Destinat\u00e1rios: N\u00e3o ser\u00e3o transmitidos quaisquer dados a terceiros, exceto se a tal formos obrigados por lei.<br>Direitos: Tem o direito de aceder, retificar e eliminar os dados, bem como outros direitos, indicados na informa\u00e7\u00e3o adicional, que podem ser exercidos contactando a C\/ San Justo, n\u00ba 15, de C\u00e1ceres, C.P. 10003.<\/p>\n\n\n\n<p><strong>DADOS DO RESPONS\u00c1VEL PELO TRATAMENTO DE DADOS<\/strong><\/p>\n\n\n\n<p>Nome da empresa: Norba Promotora San Antonio SL<br>N\u00daMERO DE IVA: B10316875<br>Endere\u00e7o: C\/ San Justo, n\u00ba 15, de C\u00e1ceres<br>Cidade: C\u00e1ceres<br>Prov\u00edncia: C\u00e1ceres<br>C\u00f3digo Postal: 10003<br>Telefone: +34 927 242 524<br>Correio eletr\u00f3nico: protecciondedatos@roymo.granhoteldonmanuel.com<\/p>\n\n\n\n<p><strong>GERAL<\/strong><\/p>\n\n\n\n<p>Para efeitos do disposto no Regulamento Europeu de Prote\u00e7\u00e3o de Dados UE 2016\/679, de 27 de abril, do Parlamento e do Conselho, na Lei Org\u00e2nica 3\/2018, de 5 de dezembro, relativa \u00e0 Prote\u00e7\u00e3o de Dados Pessoais e Garantia dos Direitos Digitais e demais legisla\u00e7\u00e3o nacional em vigor, Norba Promotora San Antonio SL, informa que cumpre integralmente a legisla\u00e7\u00e3o em vigor sobre prote\u00e7\u00e3o de dados pessoais, e os compromissos de confidencialidade inerentes \u00e0 sua atividade.<\/p>\n\n\n\n<p>Norba Promotora San Antonio SL informa-o da exist\u00eancia de um sistema de tratamento da informa\u00e7\u00e3o, propriedade de Norba Promotora San Antonio SL, para fins de gest\u00e3o, comunica\u00e7\u00e3o e informa\u00e7\u00e3o. O referido sistema est\u00e1 descrito no correspondente Registo de Actividades de Tratamento da RT, ao qual o utilizador pode aceder para verificar o estado dos seus dados.<\/p>\n\n\n\n<p><strong>MEDIDAS E N\u00cdVEIS DE SEGURAN\u00c7A<\/strong><\/p>\n\n\n\n<p>A Norba Promotora San Antonio SL adoptou as medidas necess\u00e1rias para garantir a seguran\u00e7a da informa\u00e7\u00e3o, conforme exigido pelo art. 32 do RGPD, de acordo com a natureza dos dados pessoais tratados e as circunst\u00e2ncias do tratamento, com o objetivo de evitar, na medida do poss\u00edvel e sempre de acordo com o estado da t\u00e9cnica, a sua altera\u00e7\u00e3o, perda, tratamento ou acesso n\u00e3o autorizado, garantindo assim a confidencialidade, integridade e disponibilidade dos mesmos.<\/p>\n\n\n\n<p><strong>\u00c2MBITO DE APLICA\u00c7\u00c3O<\/strong><\/p>\n\n\n\n<p>As medidas de seguran\u00e7a que Norba Promotora San Antonio SL descreveu no Registo de Actividades de Processamento ser\u00e3o aplicadas a todos os activos do sistema de processamento de informa\u00e7\u00e3o em que os dados pessoais s\u00e3o processados, a fim de cumprir a legisla\u00e7\u00e3o vigente em mat\u00e9ria de prote\u00e7\u00e3o de dados.<\/p>\n\n\n\n<p>Todo o pessoal contratado pela Norba Promotora San Antonio SL e pelos seus Subcontratantes est\u00e1 obrigado a cumprir a normativa acima referida, com especial aten\u00e7\u00e3o \u00e0s suas fun\u00e7\u00f5es e obriga\u00e7\u00f5es, incluindo o dever de sigilo, que ser\u00e1 devidamente determinado pela Norba Promotora San Antonio SL.<\/p>\n\n\n\n<p><strong>RECOLHA DE DADOS<\/strong><\/p>\n\n\n\n<p>A aceita\u00e7\u00e3o destas condi\u00e7\u00f5es obriga o utilizador a recolher determinados dados essenciais para a presta\u00e7\u00e3o dos seus servi\u00e7os, que ser\u00e3o solicitados pessoalmente atrav\u00e9s de formul\u00e1rios ou do s\u00edtio Web. No momento da recolha dos dados, o utilizador ser\u00e1 devidamente informado dos direitos que lhe assistem.<\/p>\n\n\n\n<p>Para garantir que as informa\u00e7\u00f5es contidas no nosso sistema de tratamento est\u00e3o sempre actualizadas e isentas de erros, pedimos aos nossos clientes e utilizadores que nos informem o mais rapidamente poss\u00edvel de quaisquer altera\u00e7\u00f5es e correc\u00e7\u00f5es aos seus dados pessoais.<\/p>\n\n\n\n<p><strong>OBJECTO: EXERC\u00cdCIO DE DIREITOS<\/strong><\/p>\n\n\n\n<p>Para exercer os seus direitos de acesso, impugna\u00e7\u00e3o, retifica\u00e7\u00e3o, cancelamento, supress\u00e3o ou oposi\u00e7\u00e3o, portabilidade, limita\u00e7\u00e3o do tratamento e para apresentar uma queixa \u00e0 AEPD, deve dirigir-se \u00e0 Norba Promotora San Antonio SL, C\/ San Justo, n\u00ba 15, em C\u00e1ceres, prov\u00edncia de C\u00e1ceres, C\u00f3digo Postal 10003, Espanha. O utilizador pode tamb\u00e9m apresentar uma queixa \u00e0 AEPD. No entanto, podem ser utilizados outros meios para reconhecer a identidade do cliente que exerce qualquer um dos direitos acima mencionados.<\/p>\n\n\n\n<p><strong>CONSENTIMENTO<\/strong><\/p>\n\n\n\n<p>O utilizador dar\u00e1 o seu consentimento para que a Norba Promotora San Antonio SL utilize os seus dados pessoais com o objetivo de proporcionar o correto cumprimento dos servi\u00e7os contratados.<\/p>\n\n\n\n<p>Ao preencher o formul\u00e1rio inclu\u00eddo no site ou ao enviar e-mails ou outras comunica\u00e7\u00f5es a Norba Promotora San Antonio SL, o utilizador consente expressamente a inclus\u00e3o dos seus dados pessoais no referido sistema de tratamento, propriedade de Norba Promotora San Antonio SL.<\/p>\n\n\n\n<p>No momento de solicitar esta informa\u00e7\u00e3o, o cliente ou utilizador ser\u00e1 informado sobre o destinat\u00e1rio da informa\u00e7\u00e3o, a finalidade para a qual os dados s\u00e3o recolhidos, a identidade e o endere\u00e7o da Norba Promotora San Antonio SL e o direito do utilizador de exercer os direitos de acesso, contesta\u00e7\u00e3o, retifica\u00e7\u00e3o, cancelamento, supress\u00e3o ou oposi\u00e7\u00e3o, portabilidade, limita\u00e7\u00e3o do tratamento e de apresentar uma queixa junto da AEPD.<\/p>\n\n\n\n<p><strong>TRANSFER\u00caNCIA PARA TERCEIROS<\/strong><\/p>\n\n\n\n<p>Norba Promotora San Antonio SL n\u00e3o divulga dados pessoais sem o consentimento expresso dos propriet\u00e1rios, que deve ser concedido em cada ocasi\u00e3o, e s\u00f3 divulga esses dados para a finalidade indicada e sempre com o consentimento do utilizador ou cliente.<\/p>\n\n\n\n<p><strong>CONFIDENCIALIDADE E SIGILO PROFISSIONAL<\/strong><\/p>\n\n\n\n<p>Os dados recolhidos em todas as comunica\u00e7\u00f5es privadas entre a Norba Promotora San Antonio SL e os clientes ou utilizadores ser\u00e3o tratados com absoluta confidencialidade, comprometendo-se a Norba Promotora San Antonio SL a manter a confidencialidade dos dados pessoais, o seu dever de os conservar e a adotar todas as medidas necess\u00e1rias para evitar a sua altera\u00e7\u00e3o, perda e tratamento ou acesso n\u00e3o autorizado, em conformidade com o disposto na legisla\u00e7\u00e3o em vigor.<\/p>\n\n\n\n<p>Al\u00e9m disso, s\u00e3o igualmente consideradas confidenciais as informa\u00e7\u00f5es de qualquer tipo que as partes troquem entre si, as que acordem ser dessa natureza ou as que digam simplesmente respeito ao conte\u00fado dessas informa\u00e7\u00f5es. A exibi\u00e7\u00e3o de dados na Internet n\u00e3o autoriza a utiliza\u00e7\u00e3o indiscriminada desses dados, exceto com o consentimento expresso do propriet\u00e1rio para cada ocasi\u00e3o.<\/p>\n\n\n\n<p>Recomendamos que o cliente n\u00e3o faculte a terceiros a sua identifica\u00e7\u00e3o, palavra-passe ou n\u00fameros de refer\u00eancia que Norba Promotora San Antonio SL lhe possa facultar. Da mesma forma, para garantir que a prote\u00e7\u00e3o do sigilo profissional entre Norba Promotora San Antonio SL e o cliente \u00e9 preservada em todas as comunica\u00e7\u00f5es, o cliente\/utilizador n\u00e3o deve divulgar informa\u00e7\u00f5es confidenciais a terceiros.<\/p>\n\n\n\n<p><strong>ALTERA\u00c7\u00d5ES \u00c0 POL\u00cdTICA DE SEGURAN\u00c7A E DE PROTEC\u00c7\u00c3O DE DADOS<\/strong><\/p>\n\n\n\n<p>Norba Promotora San Antonio SL reserva-se o direito de modificar a sua pol\u00edtica de seguran\u00e7a e prote\u00e7\u00e3o de dados para adapt\u00e1-la a novos desenvolvimentos legislativos ou jurisprudenciais, bem como os que possam derivar de c\u00f3digos normativos existentes sobre a mat\u00e9ria, ou devido a decis\u00f5es estrat\u00e9gicas da empresa, com efeitos a partir da data de publica\u00e7\u00e3o da referida modifica\u00e7\u00e3o no site da Norba Promotora San Antonio SL.<\/p>\n\n\n\n<p><strong>ENDERE\u00c7O DE CONTACTO<\/strong><\/p>\n\n\n\n<p>O s\u00edtio Web www.ghdm.roymo.info \u00e9 gerido pela Norba Promotora San Antonio SL, inscrita no Registo Comercial com o CIF B10316875.<\/p>\n\n\n\n<p>O sistema de processamento de informa\u00e7\u00f5es criado est\u00e1 localizado na sede social, que \u00e9 estabelecida para os fins do presente Aviso Legal, em Norba Promotora San Antonio SL, C\/ San Justo, n\u00ba 15, C\u00e1ceres, C\u00e1ceres, prov\u00edncia de C\u00e1ceres, C\u00f3digo Postal 10003, Espanha; sob a supervis\u00e3o e controlo de Norba Promotora San Antonio SL, que assume a responsabilidade pela ado\u00e7\u00e3o de medidas de seguran\u00e7a t\u00e9cnicas e organizacionais para proteger a confidencialidade e integridade da informa\u00e7\u00e3o, em conformidade com as disposi\u00e7\u00f5es do Regulamento Europeu de Prote\u00e7\u00e3o de Dados UE 2016\/679, de 27 de abril, do Parlamento e do Conselho; a Lei Org\u00e2nica 3\/2018, de 5 de dezembro, sobre a Prote\u00e7\u00e3o de Dados Pessoais e Garantia dos Direitos Digitais; o resto da regulamenta\u00e7\u00e3o nacional em vigor e outra legisla\u00e7\u00e3o aplic\u00e1vel.<\/p>\n\n\n\n<p>Norba Promotora San Antonio SL, em conformidade com a Lei 34\/2002, de Servi\u00e7os da Sociedade da Informa\u00e7\u00e3o e Com\u00e9rcio Eletr\u00f3nico, informa que o sentido amplo da referida Lei inclui entre esses servi\u00e7os a presta\u00e7\u00e3o de informa\u00e7\u00f5es por esses meios. Em qualquer caso, ser\u00e1 aplic\u00e1vel o Regulamento Europeu de Prote\u00e7\u00e3o de Dados UE 2016\/679, de 27 de abril, do Parlamento e do Conselho; a Lei Org\u00e2nica 3\/2018, de 5 de dezembro, de Prote\u00e7\u00e3o de Dados Pessoais e Garantia dos Direitos Digitais; o resto da regulamenta\u00e7\u00e3o nacional em vigor e os seus regulamentos de execu\u00e7\u00e3o, em particular, no que diz respeito \u00e0 recolha de dados pessoais, \u00e0 informa\u00e7\u00e3o aos interessados e \u00e0 cria\u00e7\u00e3o e manuten\u00e7\u00e3o de ficheiros de dados pessoais.<\/p>\n<div class=\"likebtn_container\" style=\"\"><!-- LikeBtn.com BEGIN --><span class=\"likebtn-wrapper\"  data-identifier=\"page_3\"  data-site_id=\"64e35cabfa8fdf6f7c94684c\"  data-lang=\"es\"  data-style=\"\"  data-unlike_allowed=\"\"  data-show_copyright=\"\"  data-item_url=\"https:\/\/roymo.granhoteldonmanuel.com\/pt\/politica-de-privacidade\/\"  data-item_title=\"Pol\u00edtica de privacidad\"  data-item_date=\"2023-07-10T11:45:57+02:00\"  data-engine=\"WordPress\"  data-plugin_v=\"2.6.50\"  data-prx=\"https:\/\/roymo.granhoteldonmanuel.com\/wp-admin\/admin-ajax.php?action=likebtn_prx\"  data-event_handler=\"likebtn_eh\" ><\/span><!-- LikeBtn.com END --><\/div>","protected":false},"excerpt":{"rendered":"<p>INFORMACI\u00d3N B\u00c1SICA SOBRE PROTECCI\u00d3N DE DATOS Responsable: Norba Promotora San Antonio SLFinalidad: Atender su solicitud.Legitimaci\u00f3n: Ejecuci\u00f3n de un contratoDestinatarios: No se ceder\u00e1n datos a terceros, salvo obligaci\u00f3n legalDerechos: Tiene derecho a acceder, rectificar y suprimir los datos, as\u00ed como otros derechos, indicados en la informaci\u00f3n adicional, que puede ejercer dirigi\u00e9ndose a C\/ San Justo, n\u00ba &hellip;<\/p>\n<p class=\"read-more\"> <a class=\"\" href=\"https:\/\/roymo.granhoteldonmanuel.com\/pt\/politica-de-privacidade\/\"> <span class=\"screen-reader-text\">Pol\u00edtica de privacidade<\/span> Read More &raquo;<\/a><\/p>\n<div class=\"likebtn_container\" style=\"\"><!-- LikeBtn.com BEGIN --><span class=\"likebtn-wrapper\"  data-identifier=\"page_3\"  data-site_id=\"64e35cabfa8fdf6f7c94684c\"  data-lang=\"es\"  data-style=\"\"  data-unlike_allowed=\"\"  data-show_copyright=\"\"  data-item_url=\"https:\/\/roymo.granhoteldonmanuel.com\/pt\/politica-de-privacidade\/\"  data-item_title=\"Pol\u00edtica de privacidad\"  data-item_date=\"2023-07-10T11:45:57+02:00\"  data-engine=\"WordPress\"  data-plugin_v=\"2.6.50\"  data-prx=\"https:\/\/roymo.granhoteldonmanuel.com\/wp-admin\/admin-ajax.php?action=likebtn_prx\"  data-event_handler=\"likebtn_eh\" ><\/span><!-- LikeBtn.com END --><\/div>","protected":false},"author":2,"featured_media":0,"parent":0,"menu_order":0,"comment_status":"closed","ping_status":"open","template":"","meta":{"site-sidebar-layout":"default","site-content-layout":"","ast-site-content-layout":"","site-content-style":"default","site-sidebar-style":"default","ast-global-header-display":"","ast-banner-title-visibility":"","ast-main-header-display":"","ast-hfb-above-header-display":"","ast-hfb-below-header-display":"","ast-hfb-mobile-header-display":"","site-post-title":"","ast-breadcrumbs-content":"","ast-featured-img":"","footer-sml-layout":"","theme-transparent-header-meta":"","adv-header-id-meta":"","stick-header-meta":"","header-above-stick-meta":"","header-main-stick-meta":"","header-below-stick-meta":"","astra-migrate-meta-layouts":"","ast-page-background-enabled":"default","ast-page-background-meta":{"desktop":{"background-color":"var(--ast-global-color-4)","background-image":"","background-repeat":"repeat","background-position":"center center","background-size":"auto","background-attachment":"scroll","background-type":"","background-media":"","overlay-type":"","overlay-color":"","overlay-gradient":""},"tablet":{"background-color":"","background-image":"","background-repeat":"repeat","background-position":"center center","background-size":"auto","background-attachment":"scroll","background-type":"","background-media":"","overlay-type":"","overlay-color":"","overlay-gradient":""},"mobile":{"background-color":"","background-image":"","background-repeat":"repeat","background-position":"center center","background-size":"auto","background-attachment":"scroll","background-type":"","background-media":"","overlay-type":"","overlay-color":"","overlay-gradient":""}},"ast-content-background-meta":{"desktop":{"background-color":"var(--ast-global-color-5)","background-image":"","background-repeat":"repeat","background-position":"center center","background-size":"auto","background-attachment":"scroll","background-type":"","background-media":"","overlay-type":"","overlay-color":"","overlay-gradient":""},"tablet":{"background-color":"var(--ast-global-color-5)","background-image":"","background-repeat":"repeat","background-position":"center center","background-size":"auto","background-attachment":"scroll","background-type":"","background-media":"","overlay-type":"","overlay-color":"","overlay-gradient":""},"mobile":{"background-color":"var(--ast-global-color-5)","background-image":"","background-repeat":"repeat","background-position":"center center","background-size":"auto","background-attachment":"scroll","background-type":"","background-media":"","overlay-type":"","overlay-color":"","overlay-gradient":""}},"footnotes":""},"acf":[],"_links":{"self":[{"href":"https:\/\/roymo.granhoteldonmanuel.com\/pt\/wp-json\/wp\/v2\/pages\/3"}],"collection":[{"href":"https:\/\/roymo.granhoteldonmanuel.com\/pt\/wp-json\/wp\/v2\/pages"}],"about":[{"href":"https:\/\/roymo.granhoteldonmanuel.com\/pt\/wp-json\/wp\/v2\/types\/page"}],"author":[{"embeddable":true,"href":"https:\/\/roymo.granhoteldonmanuel.com\/pt\/wp-json\/wp\/v2\/users\/2"}],"replies":[{"embeddable":true,"href":"https:\/\/roymo.granhoteldonmanuel.com\/pt\/wp-json\/wp\/v2\/comments?post=3"}],"version-history":[{"count":0,"href":"https:\/\/roymo.granhoteldonmanuel.com\/pt\/wp-json\/wp\/v2\/pages\/3\/revisions"}],"wp:attachment":[{"href":"https:\/\/roymo.granhoteldonmanuel.com\/pt\/wp-json\/wp\/v2\/media?parent=3"}],"curies":[{"name":"wp","href":"https:\/\/api.w.org\/{rel}","templated":true}]}}