{"id":4515,"date":"2023-10-03T12:42:59","date_gmt":"2023-10-03T10:42:59","guid":{"rendered":"https:\/\/roymo.granhoteldonmanuel.com\/?page_id=4515"},"modified":"2023-10-03T12:43:01","modified_gmt":"2023-10-03T10:43:01","slug":"aviso-legal","status":"publish","type":"page","link":"https:\/\/roymo.granhoteldonmanuel.com\/pt\/aviso-legal\/","title":{"rendered":"Aviso legal"},"content":{"rendered":"<p><strong>OBJECTO<\/strong><\/p>\n\n\n\n<p>Este site foi concebido para divulgar os servi\u00e7os oferecidos pela Norba Promotora San Antonio SL, C\/ San Justo, n\u00ba 15, de C\u00e1ceres, C.P. 10003, Espanha; bem como para receber potenciais clientes, contactos comerciais e pedidos de emprego.<\/p>\n\n\n\n<p><strong>PROPRIEDADE INTELECTUAL E INDUSTRIAL<\/strong><\/p>\n\n\n\n<p>Os direitos de propriedade intelectual do s\u00edtio Web www.ghdm.roymo.info, o seu c\u00f3digo fonte, design, estruturas de navega\u00e7\u00e3o e os diferentes elementos nele contidos s\u00e3o propriedade da Norba Promotora San Antonio SL, que tem direitos exclusivos para os explorar de qualquer forma e, em particular, os direitos de reprodu\u00e7\u00e3o, distribui\u00e7\u00e3o, comunica\u00e7\u00e3o p\u00fablica e transforma\u00e7\u00e3o, de acordo com a legisla\u00e7\u00e3o espanhola e da Uni\u00e3o Europeia aplic\u00e1vel.<\/p>\n\n\n\n<p>O portal da Norba Promotora San Antonio SL, as p\u00e1ginas que o comp\u00f5em e as informa\u00e7\u00f5es ou elementos nele contidos incluem textos, documentos, fotografias, desenhos, representa\u00e7\u00f5es gr\u00e1ficas, programas inform\u00e1ticos, bem como log\u00f3tipos, marcas, nomes comerciais ou outros sinais distintivos, protegidos por direitos de propriedade intelectual ou industrial, dos quais a Norba Promotora San Antonio SL \u00e9 propriet\u00e1ria ou leg\u00edtima licenciada.<\/p>\n\n\n\n<p><strong>\u00cdNDICE<\/strong><\/p>\n\n\n\n<p>Este s\u00edtio Web fornece informa\u00e7\u00f5es sobre servi\u00e7os destinados ao conhecimento p\u00fablico que, em qualquer caso, estar\u00e3o sujeitos aos termos e condi\u00e7\u00f5es expressamente detalhados em cada momento e que s\u00e3o acess\u00edveis a partir deste s\u00edtio Web, os quais estar\u00e3o sujeitos \u00e0s v\u00e1rias disposi\u00e7\u00f5es legais aplic\u00e1veis.<\/p>\n\n\n\n<p><strong>ACESSO E UTILIZA\u00c7\u00c3O<\/strong><\/p>\n\n\n\n<p>O acesso a este s\u00edtio Web, bem como a utiliza\u00e7\u00e3o que possa ser feita das informa\u00e7\u00f5es e conte\u00fados nele inclu\u00eddos, s\u00e3o da exclusiva responsabilidade do utilizador.<\/p>\n\n\n\n<p>As condi\u00e7\u00f5es de acesso a este s\u00edtio Web est\u00e3o sujeitas \u00e0 legisla\u00e7\u00e3o em vigor e aos princ\u00edpios de boa-f\u00e9 e de utiliza\u00e7\u00e3o l\u00edcita do mesmo por parte do utilizador, sendo geralmente proibido qualquer tipo de a\u00e7\u00e3o em detrimento da Norba Promotora San Antonio SL.<\/p>\n\n\n\n<p>A utiliza\u00e7\u00e3o deste s\u00edtio Web para fins ilegais ou n\u00e3o autorizados \u00e9 estritamente proibida.<\/p>\n\n\n\n<p>\u00c9 proibida qualquer forma de explora\u00e7\u00e3o, incluindo qualquer tipo de reprodu\u00e7\u00e3o, distribui\u00e7\u00e3o, ced\u00eancia a terceiros, comunica\u00e7\u00e3o p\u00fablica e transforma\u00e7\u00e3o, atrav\u00e9s de qualquer tipo de suporte e meio, das obras, cria\u00e7\u00f5es e sinais distintivos acima referidos sem a autoriza\u00e7\u00e3o pr\u00e9via e expressa dos respectivos titulares. O incumprimento desta proibi\u00e7\u00e3o pode constituir uma infra\u00e7\u00e3o pun\u00edvel nos termos da legisla\u00e7\u00e3o em vigor.<\/p>\n\n\n\n<p>No entanto, por sua conta e risco, o utilizador poder\u00e1 descarregar ou fazer c\u00f3pias desses elementos exclusivamente para seu uso pessoal, sempre que n\u00e3o infrinja nenhum dos direitos de propriedade intelectual ou industrial de Norba Promotora San Antonio SL, nem os altere total ou parcialmente. Em nenhum caso isso implicar\u00e1 qualquer autoriza\u00e7\u00e3o ou licen\u00e7a sobre os direitos de propriedade de Norba Promotora San Antonio SL.<\/p>\n\n\n\n<p>\u00c9 proibido, exceto nos casos expressamente autorizados pela Norba Promotora San Antonio SL, apresentar as p\u00e1ginas da Norba Promotora San Antonio SL, ou as informa\u00e7\u00f5es nelas contidas, sob molduras, sinais distintivos, marcas ou nomes de empresas ou comerciais de outra pessoa, empresa ou entidade.<\/p>\n\n\n\n<p><strong>RESPONSABILIDADE<\/strong><\/p>\n\n\n\n<p>Norba Promotora San Antonio SL n\u00e3o ser\u00e1 respons\u00e1vel, em caso algum, por qualquer tipo de dano que possa ser causado pelos Utilizadores a este s\u00edtio Web, ou a qualquer outro s\u00edtio Web, devido \u00e0 utiliza\u00e7\u00e3o ilegal ou indevida do mesmo, ou dos conte\u00fados e informa\u00e7\u00f5es acess\u00edveis ou fornecidos atrav\u00e9s dele.<\/p>\n\n\n\n<p><strong>SERVI\u00c7O<\/strong><\/p>\n\n\n\n<p>Norba Promotora San Antonio SL reserva-se o direito de suspender o acesso ao seu s\u00edtio Web, sem aviso pr\u00e9vio, de forma discricion\u00e1ria e tempor\u00e1ria, por motivos t\u00e9cnicos ou de qualquer outra \u00edndole, podendo tamb\u00e9m modificar unilateralmente tanto as condi\u00e7\u00f5es de acesso como a totalidade ou parte dos conte\u00fados inclu\u00eddos no mesmo.<\/p>\n\n\n\n<p><strong>GERAL<\/strong><\/p>\n\n\n\n<p>A legisla\u00e7\u00e3o espanhola ser\u00e1 aplic\u00e1vel a todas as quest\u00f5es litigiosas ou relativas ao site de Norba Promotora San Antonio SL, sendo competentes para resolver todos os conflitos derivados ou relacionados com a utiliza\u00e7\u00e3o deste site os Julgados e Tribunais do domic\u00edlio do utilizador. O acesso ao s\u00edtio web de Norba Promotora San Antonio SL implica a aceita\u00e7\u00e3o de todas as condi\u00e7\u00f5es anteriormente mencionadas.<\/p>\n\n\n\n<p><strong>HYPER LINKS<\/strong><\/p>\n\n\n\n<p>As hiperliga\u00e7\u00f5es contidas no s\u00edtio Web de Norba Promotora San Antonio SL podem conduzir a s\u00edtios Web de terceiros. Norba Promotora San Antonio SL n\u00e3o se responsabiliza pelos conte\u00fados, informa\u00e7\u00f5es ou servi\u00e7os que possam aparecer nesses s\u00edtios, os quais t\u00eam um car\u00e1cter exclusivamente informativo e n\u00e3o implicam, em caso algum, qualquer rela\u00e7\u00e3o entre Norba Promotora San Antonio SL e as pessoas ou entidades propriet\u00e1rias dos referidos conte\u00fados ou os propriet\u00e1rios dos s\u00edtios onde se encontram.<\/p>\n<div class=\"likebtn_container\" style=\"\"><!-- LikeBtn.com BEGIN --><span class=\"likebtn-wrapper\"  data-identifier=\"page_4515\"  data-site_id=\"64e35cabfa8fdf6f7c94684c\"  data-lang=\"es\"  data-style=\"\"  data-unlike_allowed=\"\"  data-show_copyright=\"\"  data-item_url=\"https:\/\/roymo.granhoteldonmanuel.com\/pt\/aviso-legal\/\"  data-item_title=\"Aviso Legal\"  data-item_date=\"2023-10-03T12:42:59+02:00\"  data-engine=\"WordPress\"  data-plugin_v=\"2.6.50\"  data-prx=\"https:\/\/roymo.granhoteldonmanuel.com\/wp-admin\/admin-ajax.php?action=likebtn_prx\"  data-event_handler=\"likebtn_eh\" ><\/span><!-- LikeBtn.com END --><\/div>","protected":false},"excerpt":{"rendered":"<p>OBJETO La presente p\u00e1gina Web ha sido dise\u00f1ada para dar a conocer los servicios ofertados por la entidad Norba Promotora San Antonio SL, C\/ San Justo, n\u00ba 15, de C\u00e1ceres, C.P. 10003, Espa\u00f1a; as\u00ed como para la recepci\u00f3n de posibles clientes, contactos comerciales y demandas de empleo. PROPIEDAD INTELECTUAL E INDUSTRIAL Los derechos de propiedad &hellip;<\/p>\n<p class=\"read-more\"> <a class=\"\" href=\"https:\/\/roymo.granhoteldonmanuel.com\/pt\/aviso-legal\/\"> <span class=\"screen-reader-text\">Aviso legal<\/span> Read More &raquo;<\/a><\/p>\n<div class=\"likebtn_container\" style=\"\"><!-- LikeBtn.com BEGIN --><span class=\"likebtn-wrapper\"  data-identifier=\"page_4515\"  data-site_id=\"64e35cabfa8fdf6f7c94684c\"  data-lang=\"es\"  data-style=\"\"  data-unlike_allowed=\"\"  data-show_copyright=\"\"  data-item_url=\"https:\/\/roymo.granhoteldonmanuel.com\/pt\/aviso-legal\/\"  data-item_title=\"Aviso Legal\"  data-item_date=\"2023-10-03T12:42:59+02:00\"  data-engine=\"WordPress\"  data-plugin_v=\"2.6.50\"  data-prx=\"https:\/\/roymo.granhoteldonmanuel.com\/wp-admin\/admin-ajax.php?action=likebtn_prx\"  data-event_handler=\"likebtn_eh\" ><\/span><!-- LikeBtn.com END --><\/div>","protected":false},"author":2,"featured_media":0,"parent":0,"menu_order":0,"comment_status":"closed","ping_status":"open","template":"","meta":{"site-sidebar-layout":"default","site-content-layout":"","ast-site-content-layout":"","site-content-style":"default","site-sidebar-style":"default","ast-global-header-display":"","ast-banner-title-visibility":"","ast-main-header-display":"","ast-hfb-above-header-display":"","ast-hfb-below-header-display":"","ast-hfb-mobile-header-display":"","site-post-title":"","ast-breadcrumbs-content":"","ast-featured-img":"","footer-sml-layout":"","theme-transparent-header-meta":"","adv-header-id-meta":"","stick-header-meta":"","header-above-stick-meta":"","header-main-stick-meta":"","header-below-stick-meta":"","astra-migrate-meta-layouts":"","ast-page-background-enabled":"default","ast-page-background-meta":{"desktop":{"background-color":"var(--ast-global-color-4)","background-image":"","background-repeat":"repeat","background-position":"center center","background-size":"auto","background-attachment":"scroll","background-type":"","background-media":"","overlay-type":"","overlay-color":"","overlay-gradient":""},"tablet":{"background-color":"","background-image":"","background-repeat":"repeat","background-position":"center center","background-size":"auto","background-attachment":"scroll","background-type":"","background-media":"","overlay-type":"","overlay-color":"","overlay-gradient":""},"mobile":{"background-color":"","background-image":"","background-repeat":"repeat","background-position":"center center","background-size":"auto","background-attachment":"scroll","background-type":"","background-media":"","overlay-type":"","overlay-color":"","overlay-gradient":""}},"ast-content-background-meta":{"desktop":{"background-color":"var(--ast-global-color-5)","background-image":"","background-repeat":"repeat","background-position":"center center","background-size":"auto","background-attachment":"scroll","background-type":"","background-media":"","overlay-type":"","overlay-color":"","overlay-gradient":""},"tablet":{"background-color":"var(--ast-global-color-5)","background-image":"","background-repeat":"repeat","background-position":"center center","background-size":"auto","background-attachment":"scroll","background-type":"","background-media":"","overlay-type":"","overlay-color":"","overlay-gradient":""},"mobile":{"background-color":"var(--ast-global-color-5)","background-image":"","background-repeat":"repeat","background-position":"center center","background-size":"auto","background-attachment":"scroll","background-type":"","background-media":"","overlay-type":"","overlay-color":"","overlay-gradient":""}},"footnotes":""},"acf":[],"_links":{"self":[{"href":"https:\/\/roymo.granhoteldonmanuel.com\/pt\/wp-json\/wp\/v2\/pages\/4515"}],"collection":[{"href":"https:\/\/roymo.granhoteldonmanuel.com\/pt\/wp-json\/wp\/v2\/pages"}],"about":[{"href":"https:\/\/roymo.granhoteldonmanuel.com\/pt\/wp-json\/wp\/v2\/types\/page"}],"author":[{"embeddable":true,"href":"https:\/\/roymo.granhoteldonmanuel.com\/pt\/wp-json\/wp\/v2\/users\/2"}],"replies":[{"embeddable":true,"href":"https:\/\/roymo.granhoteldonmanuel.com\/pt\/wp-json\/wp\/v2\/comments?post=4515"}],"version-history":[{"count":0,"href":"https:\/\/roymo.granhoteldonmanuel.com\/pt\/wp-json\/wp\/v2\/pages\/4515\/revisions"}],"wp:attachment":[{"href":"https:\/\/roymo.granhoteldonmanuel.com\/pt\/wp-json\/wp\/v2\/media?parent=4515"}],"curies":[{"name":"wp","href":"https:\/\/api.w.org\/{rel}","templated":true}]}}