{"id":4524,"date":"2023-10-03T13:01:31","date_gmt":"2023-10-03T11:01:31","guid":{"rendered":"https:\/\/roymo.granhoteldonmanuel.com\/?page_id=4524"},"modified":"2023-10-03T13:01:42","modified_gmt":"2023-10-03T11:01:42","slug":"politica-de-cookies","status":"publish","type":"page","link":"https:\/\/roymo.granhoteldonmanuel.com\/pt\/politica-de-cookies\/","title":{"rendered":"Utiliza\u00e7\u00e3o de cookies"},"content":{"rendered":"<h2 class=\"wp-block-heading\"><\/h2>\n\n\n\n<p>Informamos que este s\u00edtio Web instala cookies pr\u00f3prios e de terceiros quando o utilizador visita as suas p\u00e1ginas. Se continuar a navegar, consideramos que aceita a sua utiliza\u00e7\u00e3o. Os cookies s\u00e3o ficheiros de texto n\u00e3o execut\u00e1veis concebidos para armazenar qualquer tipo de informa\u00e7\u00e3o sobre o utilizador. Utilizamos estes ficheiros para facilitar a sua navega\u00e7\u00e3o e para obter dados estat\u00edsticos.<\/p>\n\n\n\n<h2 class=\"wp-block-heading\">Que tipo de cookies utiliza este s\u00edtio Web?<\/h2>\n\n\n\n<p>Cookies t\u00e9cnicos: S\u00e3o aqueles que permitem ao utilizador navegar atrav\u00e9s de um s\u00edtio Web, plataforma ou aplica\u00e7\u00e3o e utilizar as diferentes op\u00e7\u00f5es ou servi\u00e7os existentes no mesmo.<\/p>\n\n\n\n<p>Cookies de personaliza\u00e7\u00e3o: S\u00e3o cookies que permitem ao utilizador aceder ao servi\u00e7o com algumas caracter\u00edsticas gerais predefinidas em fun\u00e7\u00e3o de uma s\u00e9rie de crit\u00e9rios no terminal do utilizador.<\/p>\n\n\n\n<p>Cookies de an\u00e1lise: S\u00e3o cookies que permitem monitorizar e analisar o comportamento dos utilizadores dos sites a que est\u00e3o ligados. A informa\u00e7\u00e3o recolhida atrav\u00e9s deste tipo de cookies \u00e9 utilizada para medir a atividade dos sites, aplica\u00e7\u00e3o ou plataforma e para criar perfis de navega\u00e7\u00e3o dos utilizadores desses sites, aplica\u00e7\u00f5es e plataformas, de modo a introduzir melhorias com base na an\u00e1lise dos dados sobre a utiliza\u00e7\u00e3o que os utilizadores fazem do servi\u00e7o.<\/p>\n\n\n\n<h2 class=\"wp-block-heading\">Quem utiliza e tem acesso \u00e0s informa\u00e7\u00f5es contidas nos cookies que definimos?<\/h2>\n\n\n\n<p>Apenas o propriet\u00e1rio deste s\u00edtio Web e a MIRAI ESPA\u00d1A, S.L., a empresa que presta ao propriet\u00e1rio o servi\u00e7o de manuten\u00e7\u00e3o e an\u00e1lise do s\u00edtio, utilizam e t\u00eam acesso aos cookies do s\u00edtio. Terceiros que tenham armazenado cookies no seu computador ter\u00e3o acesso aos mesmos.<\/p>\n\n\n\n<h2 class=\"wp-block-heading\">Como gerir as suas prefer\u00eancias de cookies?<\/h2>\n\n\n\n<p>A maioria dos browsers aceita automaticamente a utiliza\u00e7\u00e3o de cookies, mas pode configurar o seu browser para n\u00e3o os aceitar ou para o avisar quando um servidor quiser guardar um cookie. Pode faz\u00ea-lo consultando:<\/p>\n\n\n\n<figure class=\"wp-block-table\"><table><tbody><tr><td><a href=\"https:\/\/support.microsoft.com\/es-es\/help\/17442\/windows-internet-explorer-delete-manage-cookies\" target=\"_blank\" rel=\"noopener\">Internet Explorer<\/a><\/td><td><a href=\"https:\/\/support.google.com\/chrome\/answer\/95647?hl=es\" target=\"_blank\" rel=\"noopener\">Cromado<\/a><\/td><td><a href=\"https:\/\/support.mozilla.org\/es\/kb\/habilitar-y-deshabilitar-cookies-sitios-web-rastrear-preferencias?redirectlocale=es&amp;redirectslug=habilitar-y-deshabilitar-cookies-que-los-sitios-we\" target=\"_blank\" rel=\"noopener\">Firefox<\/a><\/td><\/tr><tr><td><a href=\"https:\/\/support.apple.com\/es-es\/guide\/safari\/sfri11471\/mac\" target=\"_blank\" rel=\"noopener\">Safari<\/a><\/td><td><a href=\"https:\/\/support.apple.com\/es-es\/HT201265\" target=\"_blank\" rel=\"noopener\">iOS (Safari)<\/a><\/td><td><a href=\"https:\/\/support.google.com\/accounts\/answer\/32050?co=GENIE.Platform%3DAndroid&amp;hl=es&amp;oco=0\" target=\"_blank\" rel=\"noopener\">Android<\/a><\/td><\/tr><\/tbody><\/table><\/figure>\n<div class=\"likebtn_container\" style=\"\"><!-- LikeBtn.com BEGIN --><span class=\"likebtn-wrapper\"  data-identifier=\"page_4524\"  data-site_id=\"64e35cabfa8fdf6f7c94684c\"  data-lang=\"es\"  data-style=\"\"  data-unlike_allowed=\"\"  data-show_copyright=\"\"  data-item_url=\"https:\/\/roymo.granhoteldonmanuel.com\/pt\/politica-de-cookies\/\"  data-item_title=\"Uso de cookies\"  data-item_date=\"2023-10-03T13:01:31+02:00\"  data-engine=\"WordPress\"  data-plugin_v=\"2.6.50\"  data-prx=\"https:\/\/roymo.granhoteldonmanuel.com\/wp-admin\/admin-ajax.php?action=likebtn_prx\"  data-event_handler=\"likebtn_eh\" ><\/span><!-- LikeBtn.com END --><\/div>","protected":false},"excerpt":{"rendered":"<p>Le informamos que este sitio web instala cookies propias y de terceros al visitar sus p\u00e1ginas. Si contin\u00faa navegando, consideramos que acepta su uso. Las cookies son ficheros de texto no ejecutables destinados a almacenar cualquier tipo de informaci\u00f3n sobre el usuario. Utilizamos estos ficheros para facilitar su navegaci\u00f3n y obtener datos estad\u00edsticos \u00bfQu\u00e9 tipo &hellip;<\/p>\n<p class=\"read-more\"> <a class=\"\" href=\"https:\/\/roymo.granhoteldonmanuel.com\/pt\/politica-de-cookies\/\"> <span class=\"screen-reader-text\">Utiliza\u00e7\u00e3o de cookies<\/span> Read More &raquo;<\/a><\/p>\n<div class=\"likebtn_container\" style=\"\"><!-- LikeBtn.com BEGIN --><span class=\"likebtn-wrapper\"  data-identifier=\"page_4524\"  data-site_id=\"64e35cabfa8fdf6f7c94684c\"  data-lang=\"es\"  data-style=\"\"  data-unlike_allowed=\"\"  data-show_copyright=\"\"  data-item_url=\"https:\/\/roymo.granhoteldonmanuel.com\/pt\/politica-de-cookies\/\"  data-item_title=\"Uso de cookies\"  data-item_date=\"2023-10-03T13:01:31+02:00\"  data-engine=\"WordPress\"  data-plugin_v=\"2.6.50\"  data-prx=\"https:\/\/roymo.granhoteldonmanuel.com\/wp-admin\/admin-ajax.php?action=likebtn_prx\"  data-event_handler=\"likebtn_eh\" ><\/span><!-- LikeBtn.com END --><\/div>","protected":false},"author":2,"featured_media":0,"parent":0,"menu_order":0,"comment_status":"closed","ping_status":"open","template":"","meta":{"site-sidebar-layout":"default","site-content-layout":"","ast-site-content-layout":"","site-content-style":"default","site-sidebar-style":"default","ast-global-header-display":"","ast-banner-title-visibility":"","ast-main-header-display":"","ast-hfb-above-header-display":"","ast-hfb-below-header-display":"","ast-hfb-mobile-header-display":"","site-post-title":"","ast-breadcrumbs-content":"","ast-featured-img":"","footer-sml-layout":"","theme-transparent-header-meta":"","adv-header-id-meta":"","stick-header-meta":"","header-above-stick-meta":"","header-main-stick-meta":"","header-below-stick-meta":"","astra-migrate-meta-layouts":"","ast-page-background-enabled":"default","ast-page-background-meta":{"desktop":{"background-color":"var(--ast-global-color-4)","background-image":"","background-repeat":"repeat","background-position":"center center","background-size":"auto","background-attachment":"scroll","background-type":"","background-media":"","overlay-type":"","overlay-color":"","overlay-gradient":""},"tablet":{"background-color":"","background-image":"","background-repeat":"repeat","background-position":"center center","background-size":"auto","background-attachment":"scroll","background-type":"","background-media":"","overlay-type":"","overlay-color":"","overlay-gradient":""},"mobile":{"background-color":"","background-image":"","background-repeat":"repeat","background-position":"center center","background-size":"auto","background-attachment":"scroll","background-type":"","background-media":"","overlay-type":"","overlay-color":"","overlay-gradient":""}},"ast-content-background-meta":{"desktop":{"background-color":"var(--ast-global-color-5)","background-image":"","background-repeat":"repeat","background-position":"center center","background-size":"auto","background-attachment":"scroll","background-type":"","background-media":"","overlay-type":"","overlay-color":"","overlay-gradient":""},"tablet":{"background-color":"var(--ast-global-color-5)","background-image":"","background-repeat":"repeat","background-position":"center center","background-size":"auto","background-attachment":"scroll","background-type":"","background-media":"","overlay-type":"","overlay-color":"","overlay-gradient":""},"mobile":{"background-color":"var(--ast-global-color-5)","background-image":"","background-repeat":"repeat","background-position":"center center","background-size":"auto","background-attachment":"scroll","background-type":"","background-media":"","overlay-type":"","overlay-color":"","overlay-gradient":""}},"footnotes":""},"acf":[],"_links":{"self":[{"href":"https:\/\/roymo.granhoteldonmanuel.com\/pt\/wp-json\/wp\/v2\/pages\/4524"}],"collection":[{"href":"https:\/\/roymo.granhoteldonmanuel.com\/pt\/wp-json\/wp\/v2\/pages"}],"about":[{"href":"https:\/\/roymo.granhoteldonmanuel.com\/pt\/wp-json\/wp\/v2\/types\/page"}],"author":[{"embeddable":true,"href":"https:\/\/roymo.granhoteldonmanuel.com\/pt\/wp-json\/wp\/v2\/users\/2"}],"replies":[{"embeddable":true,"href":"https:\/\/roymo.granhoteldonmanuel.com\/pt\/wp-json\/wp\/v2\/comments?post=4524"}],"version-history":[{"count":0,"href":"https:\/\/roymo.granhoteldonmanuel.com\/pt\/wp-json\/wp\/v2\/pages\/4524\/revisions"}],"wp:attachment":[{"href":"https:\/\/roymo.granhoteldonmanuel.com\/pt\/wp-json\/wp\/v2\/media?parent=4524"}],"curies":[{"name":"wp","href":"https:\/\/api.w.org\/{rel}","templated":true}]}}