{"id":4534,"date":"2023-10-03T13:03:07","date_gmt":"2023-10-03T11:03:07","guid":{"rendered":"https:\/\/roymo.granhoteldonmanuel.com\/?page_id=4534"},"modified":"2023-10-03T13:04:05","modified_gmt":"2023-10-03T11:04:05","slug":"subvenciones","status":"publish","type":"page","link":"https:\/\/roymo.granhoteldonmanuel.com\/pt\/subsidios\/","title":{"rendered":"Subven\u00e7\u00f5es concedidas no \u00e2mbito do GHDM"},"content":{"rendered":"<p><\/p>\n\n\n\n<h2 class=\"wp-block-heading\">Subven\u00e7\u00e3o concedida em 2018<\/h2>\n\n\n\n<figure class=\"wp-block-image\"><img decoding=\"async\" src=\"https:\/\/roymo.granhoteldonmanuel.com\/wp-content\/uploads\/2023\/05\/Gran-Hotel-Don-Manuel.jpg\" alt=\"\" class=\"wp-image-7792\"\/><\/figure>\n\n\n\n<h2 class=\"wp-block-heading\">Subven\u00e7\u00e3o concedida em 2021<\/h2>\n\n\n\n<figure class=\"wp-block-image\"><img decoding=\"async\" src=\"https:\/\/roymo.granhoteldonmanuel.com\/wp-content\/uploads\/2023\/05\/Entidad-Beneficiaria-1-600x237.jpg\" alt=\"\" class=\"wp-image-7813\"\/><\/figure>\n<div class=\"likebtn_container\" style=\"\"><!-- LikeBtn.com BEGIN --><span class=\"likebtn-wrapper\"  data-identifier=\"page_4534\"  data-site_id=\"64e35cabfa8fdf6f7c94684c\"  data-lang=\"es\"  data-style=\"\"  data-unlike_allowed=\"\"  data-show_copyright=\"\"  data-item_url=\"https:\/\/roymo.granhoteldonmanuel.com\/pt\/subsidios\/\"  data-item_title=\"Subvenciones concedidas en GHDM\"  data-item_date=\"2023-10-03T13:03:07+02:00\"  data-engine=\"WordPress\"  data-plugin_v=\"2.6.50\"  data-prx=\"https:\/\/roymo.granhoteldonmanuel.com\/wp-admin\/admin-ajax.php?action=likebtn_prx\"  data-event_handler=\"likebtn_eh\" ><\/span><!-- LikeBtn.com END --><\/div>","protected":false},"excerpt":{"rendered":"<p>Subven\u00e7\u00e3o concedida em 2018 Subven\u00e7\u00e3o concedida em 2021<\/p>\n<div class=\"likebtn_container\" style=\"\"><!-- LikeBtn.com BEGIN --><span class=\"likebtn-wrapper\"  data-identifier=\"page_4534\"  data-site_id=\"64e35cabfa8fdf6f7c94684c\"  data-lang=\"es\"  data-style=\"\"  data-unlike_allowed=\"\"  data-show_copyright=\"\"  data-item_url=\"https:\/\/roymo.granhoteldonmanuel.com\/pt\/subsidios\/\"  data-item_title=\"Subvenciones concedidas en GHDM\"  data-item_date=\"2023-10-03T13:03:07+02:00\"  data-engine=\"WordPress\"  data-plugin_v=\"2.6.50\"  data-prx=\"https:\/\/roymo.granhoteldonmanuel.com\/wp-admin\/admin-ajax.php?action=likebtn_prx\"  data-event_handler=\"likebtn_eh\" ><\/span><!-- LikeBtn.com END --><\/div>","protected":false},"author":2,"featured_media":0,"parent":0,"menu_order":0,"comment_status":"closed","ping_status":"open","template":"","meta":{"site-sidebar-layout":"default","site-content-layout":"","ast-site-content-layout":"","site-content-style":"default","site-sidebar-style":"default","ast-global-header-display":"","ast-banner-title-visibility":"","ast-main-header-display":"","ast-hfb-above-header-display":"","ast-hfb-below-header-display":"","ast-hfb-mobile-header-display":"","site-post-title":"","ast-breadcrumbs-content":"","ast-featured-img":"","footer-sml-layout":"","theme-transparent-header-meta":"","adv-header-id-meta":"","stick-header-meta":"","header-above-stick-meta":"","header-main-stick-meta":"","header-below-stick-meta":"","astra-migrate-meta-layouts":"","ast-page-background-enabled":"default","ast-page-background-meta":{"desktop":{"background-color":"var(--ast-global-color-4)","background-image":"","background-repeat":"repeat","background-position":"center center","background-size":"auto","background-attachment":"scroll","background-type":"","background-media":"","overlay-type":"","overlay-color":"","overlay-gradient":""},"tablet":{"background-color":"","background-image":"","background-repeat":"repeat","background-position":"center center","background-size":"auto","background-attachment":"scroll","background-type":"","background-media":"","overlay-type":"","overlay-color":"","overlay-gradient":""},"mobile":{"background-color":"","background-image":"","background-repeat":"repeat","background-position":"center center","background-size":"auto","background-attachment":"scroll","background-type":"","background-media":"","overlay-type":"","overlay-color":"","overlay-gradient":""}},"ast-content-background-meta":{"desktop":{"background-color":"var(--ast-global-color-5)","background-image":"","background-repeat":"repeat","background-position":"center center","background-size":"auto","background-attachment":"scroll","background-type":"","background-media":"","overlay-type":"","overlay-color":"","overlay-gradient":""},"tablet":{"background-color":"var(--ast-global-color-5)","background-image":"","background-repeat":"repeat","background-position":"center center","background-size":"auto","background-attachment":"scroll","background-type":"","background-media":"","overlay-type":"","overlay-color":"","overlay-gradient":""},"mobile":{"background-color":"var(--ast-global-color-5)","background-image":"","background-repeat":"repeat","background-position":"center center","background-size":"auto","background-attachment":"scroll","background-type":"","background-media":"","overlay-type":"","overlay-color":"","overlay-gradient":""}},"footnotes":""},"acf":[],"_links":{"self":[{"href":"https:\/\/roymo.granhoteldonmanuel.com\/pt\/wp-json\/wp\/v2\/pages\/4534"}],"collection":[{"href":"https:\/\/roymo.granhoteldonmanuel.com\/pt\/wp-json\/wp\/v2\/pages"}],"about":[{"href":"https:\/\/roymo.granhoteldonmanuel.com\/pt\/wp-json\/wp\/v2\/types\/page"}],"author":[{"embeddable":true,"href":"https:\/\/roymo.granhoteldonmanuel.com\/pt\/wp-json\/wp\/v2\/users\/2"}],"replies":[{"embeddable":true,"href":"https:\/\/roymo.granhoteldonmanuel.com\/pt\/wp-json\/wp\/v2\/comments?post=4534"}],"version-history":[{"count":0,"href":"https:\/\/roymo.granhoteldonmanuel.com\/pt\/wp-json\/wp\/v2\/pages\/4534\/revisions"}],"wp:attachment":[{"href":"https:\/\/roymo.granhoteldonmanuel.com\/pt\/wp-json\/wp\/v2\/media?parent=4534"}],"curies":[{"name":"wp","href":"https:\/\/api.w.org\/{rel}","templated":true}]}}